{"id":69,"date":"2022-05-08T13:35:23","date_gmt":"2022-05-08T11:35:23","guid":{"rendered":"https:\/\/dev.dokumenttikamera.fi\/?post_type=product&#038;p=69"},"modified":"2022-05-08T13:39:41","modified_gmt":"2022-05-08T11:39:41","slug":"tlc-300-ip-20-ndi","status":"publish","type":"product","link":"https:\/\/dev.dokumenttikamera.fi\/?product=tlc-300-ip-20-ndi","title":{"rendered":"TLC-300-IP-20 NDI"},"content":{"rendered":"<p>Toinen halvatun hyv\u00e4n hajuinen<\/p>\n","protected":false},"excerpt":{"rendered":"<p>True NDI liit\u00e4nn\u00e4inen PTZ-kamera. Erinomaiset liit\u00e4nn\u00e4t.<\/p>\n","protected":false},"featured_media":0,"comment_status":"open","ping_status":"closed","template":"","meta":{"spay_email":"","jetpack_publicize_message":"","jetpack_is_tweetstorm":false,"jetpack_publicize_feature_enabled":true},"product_cat":[15],"product_tag":[20],"class_list":{"0":"post-69","1":"product","2":"type-product","3":"status-publish","5":"product_cat-uncategorized","6":"product_tag-20","8":"first","9":"instock","10":"sold-individually","11":"shipping-taxable","12":"purchasable","13":"product-type-simple"},"_links":{"self":[{"href":"https:\/\/dev.dokumenttikamera.fi\/index.php?rest_route=\/wp\/v2\/product\/69","targetHints":{"allow":["GET"]}}],"collection":[{"href":"https:\/\/dev.dokumenttikamera.fi\/index.php?rest_route=\/wp\/v2\/product"}],"about":[{"href":"https:\/\/dev.dokumenttikamera.fi\/index.php?rest_route=\/wp\/v2\/types\/product"}],"replies":[{"embeddable":true,"href":"https:\/\/dev.dokumenttikamera.fi\/index.php?rest_route=%2Fwp%2Fv2%2Fcomments&post=69"}],"wp:attachment":[{"href":"https:\/\/dev.dokumenttikamera.fi\/index.php?rest_route=%2Fwp%2Fv2%2Fmedia&parent=69"}],"wp:term":[{"taxonomy":"product_cat","embeddable":true,"href":"https:\/\/dev.dokumenttikamera.fi\/index.php?rest_route=%2Fwp%2Fv2%2Fproduct_cat&post=69"},{"taxonomy":"product_tag","embeddable":true,"href":"https:\/\/dev.dokumenttikamera.fi\/index.php?rest_route=%2Fwp%2Fv2%2Fproduct_tag&post=69"}],"curies":[{"name":"wp","href":"https:\/\/api.w.org\/{rel}","templated":true}]}}